{"id":281,"date":"2026-02-09T17:31:40","date_gmt":"2026-02-09T17:31:40","guid":{"rendered":"https:\/\/mouling.com.ar\/about-2\/"},"modified":"2026-02-09T17:35:02","modified_gmt":"2026-02-09T17:35:02","slug":"about-2","status":"publish","type":"page","link":"https:\/\/mouling.com.ar\/?page_id=281","title":{"rendered":"About"},"content":{"rendered":"\n<div class=\"wp-block-uagb-container uagb-block-66ebd6c7 alignfull uagb-is-root-container\"><div class=\"uagb-container-inner-blocks-wrap\">\n<div class=\"wp-block-uagb-info-box uagb-block-82c56a1d uagb-infobox__content-wrap  uagb-infobox-icon-above-title uagb-infobox-image-valign-top wp-block-uagb-info-box--has-margin\"><div class=\"uagb-infobox-margin-wrapper\"><div class=\"uagb-ifb-content\"><div class=\"uagb-ifb-title-wrap\"><p class=\"uagb-ifb-title-prefix\">Descubre<\/p><h1 class=\"uagb-ifb-title\">Creamos experiencias memorables para tu marca<\/h1><\/div><p class=\"uagb-ifb-desc\">En Mouling Ambientaciones, transformamos espacios en escenarios \u00fanicos donde tus sue\u00f1os cobran vida de manera creativa y t\u00e9cnica.<\/p><\/div><\/div><\/div>\n<\/div><\/div>\n\n\n\n<div class=\"wp-block-uagb-container uagb-layout-grid uagb-block-5e71f5f6 alignfull uagb-is-root-container\"><div class=\"uagb-container-inner-blocks-wrap\">\n<div class=\"wp-block-uagb-image uagb-block-e5ce13a3 wp-block-uagb-image--layout-default wp-block-uagb-image--effect-static wp-block-uagb-image--align-none\"><figure class=\"wp-block-uagb-image__figure\"><img loading=\"lazy\" decoding=\"async\" srcset=\"https:\/\/mouling.com.ar\/wp-content\/uploads\/2026\/02\/WhatsApp-Image-2026-02-08-at-20.01.15.jpeg ,https:\/\/mouling.com.ar\/wp-content\/uploads\/2026\/02\/WhatsApp-Image-2026-02-08-at-20.01.15.jpeg 780w, https:\/\/mouling.com.ar\/wp-content\/uploads\/2026\/02\/WhatsApp-Image-2026-02-08-at-20.01.15.jpeg 360w\" sizes=\"auto, (max-width: 480px) 150px\" src=\"https:\/\/mouling.com.ar\/wp-content\/uploads\/2026\/02\/WhatsApp-Image-2026-02-08-at-20.01.15.jpeg\" alt=\"WhatsApp Image 2026 02 08 At 20.01.15\" class=\"uag-image-24823\" width=\"600\" height=\"460\" title=\"about-img\" loading=\"lazy\" role=\"img\"><\/figure><\/div>\n\n\n\n<div class=\"wp-block-uagb-info-box uagb-block-9e5f203b uagb-infobox__content-wrap  uagb-infobox-icon-above-title uagb-infobox-image-valign-top wp-block-uagb-info-box--has-margin\"><div class=\"uagb-infobox-margin-wrapper\"><div class=\"uagb-ifb-content\"><div class=\"uagb-ifb-title-wrap\"><p class=\"uagb-ifb-title-prefix\">Quienes somos<\/p><h2 class=\"uagb-ifb-title\">Tu aliado en ambientaciones creativas<\/h2><\/div><p class=\"uagb-ifb-desc\">Mouling Ambientaciones ha trabajado con diversas marcas y eventos, logrando crear espacios inolvidables que reflejan la esencia de cada cliente. Nuestra experiencia nos permite ofrecer soluciones personalizadas que han llevado a nuestros clientes a destacar en cada ocasi\u00f3n.<\/p><\/div><\/div><\/div>\n<\/div><\/div>\n\n\n\n<div class=\"wp-block-uagb-container uagb-layout-grid uagb-block-11dc68a7 alignfull uagb-is-root-container\"><div class=\"uagb-container-inner-blocks-wrap\">\n<div class=\"wp-block-uagb-container uagb-layout-grid uagb-block-2b98e62b\">\n<div class=\"wp-block-uagb-info-box uagb-block-ab1ef172 uagb-infobox__content-wrap  uagb-infobox-icon-above-title uagb-infobox-image-valign-top wp-block-uagb-info-box--has-margin\"><div class=\"uagb-infobox-margin-wrapper\"><div class=\"uagb-ifb-content\"><div class=\"uagb-ifb-title-wrap\"><p class=\"uagb-ifb-title-prefix\">Nuestra propuesta \u00fanica<\/p><h2 class=\"uagb-ifb-title\">Diferenciaci\u00f3n en ambientaciones<\/h2><\/div><p class=\"uagb-ifb-desc\">Ofrecemos un enfoque \u00fanico que combina creatividad y precisi\u00f3n t\u00e9cnica para hacer de tu evento una experiencia inolvidable.<\/p><\/div><\/div><\/div>\n\n\n\n<div class=\"wp-block-uagb-icon-list uagb-block-a49e09d7\"><div class=\"uagb-icon-list__wrap\">\n<div class=\"wp-block-uagb-icon-list-child uagb-block-ad0c555c\"><span class=\"uagb-icon-list__source-wrap\"><svg xmlns=\"https:\/\/www.w3.org\/2000\/svg\" viewBox=\"0 0 448 512\"><path d=\"M438.6 105.4C451.1 117.9 451.1 138.1 438.6 150.6L182.6 406.6C170.1 419.1 149.9 419.1 137.4 406.6L9.372 278.6C-3.124 266.1-3.124 245.9 9.372 233.4C21.87 220.9 42.13 220.9 54.63 233.4L159.1 338.7L393.4 105.4C405.9 92.88 426.1 92.88 438.6 105.4H438.6z\"><\/path><\/svg><\/span><span class=\"uagb-icon-list__label\">Dise\u00f1os personalizados e innovadores<\/span><\/div>\n\n\n\n<div class=\"wp-block-uagb-icon-list-child uagb-block-480fd7f5\"><span class=\"uagb-icon-list__source-wrap\"><svg xmlns=\"https:\/\/www.w3.org\/2000\/svg\" viewBox=\"0 0 448 512\"><path d=\"M438.6 105.4C451.1 117.9 451.1 138.1 438.6 150.6L182.6 406.6C170.1 419.1 149.9 419.1 137.4 406.6L9.372 278.6C-3.124 266.1-3.124 245.9 9.372 233.4C21.87 220.9 42.13 220.9 54.63 233.4L159.1 338.7L393.4 105.4C405.9 92.88 426.1 92.88 438.6 105.4H438.6z\"><\/path><\/svg><\/span><span class=\"uagb-icon-list__label\">Atenci\u00f3n al detalle excepcional<\/span><\/div>\n\n\n\n<div class=\"wp-block-uagb-icon-list-child uagb-block-aecd6f15\"><span class=\"uagb-icon-list__source-wrap\"><svg xmlns=\"https:\/\/www.w3.org\/2000\/svg\" viewBox=\"0 0 448 512\"><path d=\"M438.6 105.4C451.1 117.9 451.1 138.1 438.6 150.6L182.6 406.6C170.1 419.1 149.9 419.1 137.4 406.6L9.372 278.6C-3.124 266.1-3.124 245.9 9.372 233.4C21.87 220.9 42.13 220.9 54.63 233.4L159.1 338.7L393.4 105.4C405.9 92.88 426.1 92.88 438.6 105.4H438.6z\"><\/path><\/svg><\/span><span class=\"uagb-icon-list__label\">Experiencia en m\u00faltiples industrias<\/span><\/div>\n\n\n\n<div class=\"wp-block-uagb-icon-list-child uagb-block-350e2caa\"><span class=\"uagb-icon-list__source-wrap\"><svg xmlns=\"https:\/\/www.w3.org\/2000\/svg\" viewBox=\"0 0 448 512\"><path d=\"M438.6 105.4C451.1 117.9 451.1 138.1 438.6 150.6L182.6 406.6C170.1 419.1 149.9 419.1 137.4 406.6L9.372 278.6C-3.124 266.1-3.124 245.9 9.372 233.4C21.87 220.9 42.13 220.9 54.63 233.4L159.1 338.7L393.4 105.4C405.9 92.88 426.1 92.88 438.6 105.4H438.6z\"><\/path><\/svg><\/span><span class=\"uagb-icon-list__label\">Compromiso con la sostenibilidad<\/span><\/div>\n<\/div><\/div>\n<\/div>\n\n\n\n<div class=\"wp-block-uagb-image uagb-block-044eed52 wp-block-uagb-image--layout-default wp-block-uagb-image--effect-static wp-block-uagb-image--align-none\"><figure class=\"wp-block-uagb-image__figure\"><img loading=\"lazy\" decoding=\"async\" srcset=\"https:\/\/mouling.com.ar\/wp-content\/uploads\/2026\/02\/WhatsApp-Image-2026-02-08-at-20.01.15-2.jpeg ,https:\/\/mouling.com.ar\/wp-content\/uploads\/2026\/02\/WhatsApp-Image-2026-02-08-at-20.01.15-2.jpeg 780w, https:\/\/mouling.com.ar\/wp-content\/uploads\/2026\/02\/WhatsApp-Image-2026-02-08-at-20.01.15-2.jpeg 360w\" sizes=\"auto, (max-width: 480px) 150px\" src=\"https:\/\/mouling.com.ar\/wp-content\/uploads\/2026\/02\/WhatsApp-Image-2026-02-08-at-20.01.15-2.jpeg\" alt=\"WhatsApp Image 2026 02 08 At 20.01.15 2\" class=\"uag-image-24822\" width=\"600\" height=\"500\" title=\"about-img-02\" loading=\"lazy\" role=\"img\"><\/figure><\/div>\n<\/div><\/div>\n\n\n\n<div class=\"wp-block-uagb-container uagb-block-47cf4ed3 alignfull uagb-is-root-container\"><div class=\"uagb-container-inner-blocks-wrap\">\n<div class=\"wp-block-uagb-container uagb-block-6b550ecd\">\n<div class=\"wp-block-uagb-advanced-heading uagb-block-f00883bb\"><h3 class=\"uagb-heading-text\">Nuestra misi\u00f3n<\/h3><p class=\"uagb-desc-text\">Crear espacios que emocionen y conecten, llevando la identidad de cada marca a su m\u00e1xima expresi\u00f3n con creatividad y t\u00e9cnica.<\/p><\/div>\n\n\n\n<div class=\"wp-block-uagb-advanced-heading uagb-block-1cc3c6c4\"><h3 class=\"uagb-heading-text\">Nuestra visi\u00f3n<\/h3><p class=\"uagb-desc-text\">Ser l\u00edderes en el dise\u00f1o de espacios escenogr\u00e1ficos, reconocidos por nuestra innovaci\u00f3n y capacidad de transformar eventos en experiencias inolvidables.<\/p><\/div>\n<\/div>\n\n\n\n<div class=\"wp-block-uagb-container uagb-layout-grid uagb-block-9474acd6\">\n<div class=\"wp-block-uagb-container uagb-block-f9d17d3a\">\n<div class=\"wp-block-uagb-counter uagb-block-0a4cb8de wp-block-uagb-counter--number\"><div class=\"wp-block-uagb-counter__number\"><span class=\"uagb-counter-block-number\" data-duration=\"1.5\" data-to-value=\"20\" data-from-value=\"0\" data-delimiter=\",\"><\/span><span class=\"uagb-counter-block-suffix\">+<\/span><\/div><div class=\"wp-block-uagb-counter__title\">Profesionales Calificados<\/div><\/div>\n<\/div>\n\n\n\n<div class=\"wp-block-uagb-container uagb-block-b4598adc\">\n<div class=\"wp-block-uagb-counter uagb-block-83c8f8c1 wp-block-uagb-counter--number\"><div class=\"wp-block-uagb-counter__number\"><span class=\"uagb-counter-block-number\" data-duration=\"1.5\" data-to-value=\"1000\" data-from-value=\"0\" data-delimiter=\",\"><\/span><span class=\"uagb-counter-block-suffix\">+<\/span><\/div><div class=\"wp-block-uagb-counter__title\">Clientes Satisfechos<\/div><\/div>\n<\/div>\n\n\n\n<div class=\"wp-block-uagb-container uagb-block-0c028984\">\n<div class=\"wp-block-uagb-counter uagb-block-7ee20442 wp-block-uagb-counter--number\"><div class=\"wp-block-uagb-counter__number\"><span class=\"uagb-counter-block-number\" data-duration=\"1.5\" data-to-value=\"20\" data-from-value=\"0\" data-delimiter=\",\"><\/span><span class=\"uagb-counter-block-suffix\">+<\/span><\/div><div class=\"wp-block-uagb-counter__title\">Salones Privados<\/div><\/div>\n<\/div>\n\n\n\n<div class=\"wp-block-uagb-container uagb-block-35703f8d\">\n<div class=\"wp-block-uagb-counter uagb-block-f257fef2 wp-block-uagb-counter--number\"><div class=\"wp-block-uagb-counter__number\"><span class=\"uagb-counter-block-number\" data-duration=\"1.5\" data-to-value=\"24\" data-from-value=\"0\" data-delimiter=\",\"><\/span><span class=\"uagb-counter-block-suffix\">\/7<\/span><\/div><div class=\"wp-block-uagb-counter__title\">Atenci\u00f3n al Cliente<\/div><\/div>\n<\/div>\n<\/div>\n\n\n\n<div class=\"wp-block-uagb-container uagb-layout-grid uagb-block-084ffa68\">\n<div class=\"wp-block-uagb-container uagb-block-63d81abb\">\n<div class=\"wp-block-uagb-info-box uagb-block-ebf6eab7 uagb-infobox__content-wrap  uagb-infobox-icon-above-title uagb-infobox-image-valign-top wp-block-uagb-info-box--has-margin\"><div class=\"uagb-infobox-margin-wrapper\"><div class=\"uagb-ifb-content\"><div class=\"uagb-ifb-title-wrap\"><p class=\"uagb-ifb-title-prefix\">Equipo<\/p><h3 class=\"uagb-ifb-title\">Conoce a nuestro equipo<\/h3><\/div><p class=\"uagb-ifb-desc\">Un grupo apasionado de creativos y expertos en ambientaciones.<\/p><\/div><\/div><\/div>\n<\/div>\n\n\n\n<div class=\"wp-block-uagb-container uagb-block-06492105\">\n<div class=\"wp-block-uagb-advanced-heading uagb-block-a08d7fe1\"><p class=\"uagb-heading-text\">Sophia Mart\u00ednez<\/p><p class=\"uagb-desc-text\">Estilista Principal<\/p><\/div>\n<\/div>\n\n\n\n<div class=\"wp-block-uagb-container uagb-block-25eda276\">\n<div class=\"wp-block-uagb-advanced-heading uagb-block-8a5fe486\"><p class=\"uagb-heading-text\">Olivia Chen<\/p><p class=\"uagb-desc-text\">Especialista en Cuidado de la Piel<\/p><\/div>\n<\/div>\n\n\n\n<div class=\"wp-block-uagb-container uagb-block-51729cb8\">\n<div class=\"wp-block-uagb-advanced-heading uagb-block-d325e564\"><p class=\"uagb-heading-text\">Liam Johnson<\/p><p class=\"uagb-desc-text\">Maquillador<\/p><\/div>\n<\/div>\n\n\n\n<div class=\"wp-block-uagb-container uagb-block-2d1bfb48\">\n<div class=\"wp-block-uagb-advanced-heading uagb-block-583b2d2b\"><p class=\"uagb-heading-text\">Ava Patel<\/p><p class=\"uagb-desc-text\">T\u00e9cnico de Pesta\u00f1as<\/p><\/div>\n<\/div>\n\n\n\n<div class=\"wp-block-uagb-container uagb-block-ea1a7616\">\n<div class=\"wp-block-uagb-advanced-heading uagb-block-32088f56\"><p class=\"uagb-heading-text\">M\u00eda Rodr\u00edguez<\/p><p class=\"uagb-desc-text\">Gerente de Salon<\/p><\/div>\n<\/div>\n\n\n\n<div class=\"wp-block-uagb-container uagb-block-f1f8ff14\">\n<div class=\"wp-block-uagb-advanced-heading uagb-block-efcd49a6\"><p class=\"uagb-heading-text\">Noah Smith<\/p><p class=\"uagb-desc-text\">T\u00e9cnico de U\u00f1as<\/p><\/div>\n<\/div>\n<\/div>\n<\/div><\/div>\n\n\n\n<div class=\"wp-block-uagb-container uagb-block-e9dddb7d alignfull uagb-is-root-container\"><div class=\"uagb-container-inner-blocks-wrap\">\n<div class=\"wp-block-uagb-info-box uagb-block-5cd1a49c uagb-infobox__content-wrap  uagb-infobox-icon-above-title uagb-infobox-image-valign-top wp-block-uagb-info-box--has-margin\"><div class=\"uagb-infobox-margin-wrapper\"><div class=\"uagb-ifb-content\"><div class=\"uagb-ifb-title-wrap\"><p class=\"uagb-ifb-title-prefix\">Cont\u00e1ctanos<\/p><h2 class=\"uagb-ifb-title\">Haz de tu evento una experiencia inolvidable hoy mismo.<\/h2><\/div><p class=\"uagb-ifb-desc\">Estamos aqu\u00ed para ayudarte a transformar tus ideas en realidades \u00fanicas y memorables en cada ocasi\u00f3n.<\/p><div class=\"uagb-ifb-button-wrapper wp-block-button\"><a href=\"\/contact\/\" class=\"uagb-infobox-cta-link wp-block-button__link\" target=\"_self\" rel=\"noopener noreferrer\" onclick=\"return true;\"><span class=\"uagb-inline-editing\">Cont\u00e1ctanos Ahora<\/span><\/a><\/div><\/div><\/div><\/div>\n<\/div><\/div>\n","protected":false},"excerpt":{"rendered":"<p>Nuestra misi\u00f3n Crear espacios que emocionen y conecten, llevando la identidad de cada marca a su m\u00e1xima expresi\u00f3n con creatividad [&hellip;]<\/p>\n","protected":false},"author":1,"featured_media":0,"parent":0,"menu_order":0,"comment_status":"closed","ping_status":"closed","template":"","meta":{"_uag_custom_page_level_css":"","site-sidebar-layout":"default","site-content-layout":"","ast-site-content-layout":"default","site-content-style":"default","site-sidebar-style":"default","ast-global-header-display":"","ast-banner-title-visibility":"","ast-main-header-display":"","ast-hfb-above-header-display":"","ast-hfb-below-header-display":"","ast-hfb-mobile-header-display":"","site-post-title":"disabled","ast-breadcrumbs-content":"","ast-featured-img":"","footer-sml-layout":"","ast-disable-related-posts":"","theme-transparent-header-meta":"","adv-header-id-meta":"","stick-header-meta":"","header-above-stick-meta":"","header-main-stick-meta":"","header-below-stick-meta":"","astra-migrate-meta-layouts":"default","ast-page-background-enabled":"default","ast-page-background-meta":{"desktop":{"background-color":"var(--ast-global-color-4)","background-image":"","background-repeat":"repeat","background-position":"center center","background-size":"auto","background-attachment":"scroll","background-type":"","background-media":"","overlay-type":"","overlay-color":"","overlay-opacity":"","overlay-gradient":""},"tablet":{"background-color":"","background-image":"","background-repeat":"repeat","background-position":"center center","background-size":"auto","background-attachment":"scroll","background-type":"","background-media":"","overlay-type":"","overlay-color":"","overlay-opacity":"","overlay-gradient":""},"mobile":{"background-color":"","background-image":"","background-repeat":"repeat","background-position":"center center","background-size":"auto","background-attachment":"scroll","background-type":"","background-media":"","overlay-type":"","overlay-color":"","overlay-opacity":"","overlay-gradient":""}},"ast-content-background-meta":{"desktop":{"background-color":"var(--ast-global-color-5)","background-image":"","background-repeat":"repeat","background-position":"center center","background-size":"auto","background-attachment":"scroll","background-type":"","background-media":"","overlay-type":"","overlay-color":"","overlay-opacity":"","overlay-gradient":""},"tablet":{"background-color":"var(--ast-global-color-5)","background-image":"","background-repeat":"repeat","background-position":"center center","background-size":"auto","background-attachment":"scroll","background-type":"","background-media":"","overlay-type":"","overlay-color":"","overlay-opacity":"","overlay-gradient":""},"mobile":{"background-color":"var(--ast-global-color-5)","background-image":"","background-repeat":"repeat","background-position":"center center","background-size":"auto","background-attachment":"scroll","background-type":"","background-media":"","overlay-type":"","overlay-color":"","overlay-opacity":"","overlay-gradient":""}},"footnotes":""},"class_list":["post-281","page","type-page","status-publish","hentry"],"uagb_featured_image_src":{"full":false,"thumbnail":false,"medium":false,"medium_large":false,"large":false,"1536x1536":false,"2048x2048":false},"uagb_author_info":{"display_name":"admin","author_link":"https:\/\/mouling.com.ar\/?author=1"},"uagb_comment_info":0,"uagb_excerpt":"Nuestra misi\u00f3n Crear espacios que emocionen y conecten, llevando la identidad de cada marca a su m\u00e1xima expresi\u00f3n con creatividad [&hellip;]","_links":{"self":[{"href":"https:\/\/mouling.com.ar\/index.php?rest_route=\/wp\/v2\/pages\/281","targetHints":{"allow":["GET"]}}],"collection":[{"href":"https:\/\/mouling.com.ar\/index.php?rest_route=\/wp\/v2\/pages"}],"about":[{"href":"https:\/\/mouling.com.ar\/index.php?rest_route=\/wp\/v2\/types\/page"}],"author":[{"embeddable":true,"href":"https:\/\/mouling.com.ar\/index.php?rest_route=\/wp\/v2\/users\/1"}],"replies":[{"embeddable":true,"href":"https:\/\/mouling.com.ar\/index.php?rest_route=%2Fwp%2Fv2%2Fcomments&post=281"}],"version-history":[{"count":3,"href":"https:\/\/mouling.com.ar\/index.php?rest_route=\/wp\/v2\/pages\/281\/revisions"}],"predecessor-version":[{"id":24914,"href":"https:\/\/mouling.com.ar\/index.php?rest_route=\/wp\/v2\/pages\/281\/revisions\/24914"}],"wp:attachment":[{"href":"https:\/\/mouling.com.ar\/index.php?rest_route=%2Fwp%2Fv2%2Fmedia&parent=281"}],"curies":[{"name":"wp","href":"https:\/\/api.w.org\/{rel}","templated":true}]}}