{"id":284,"date":"2026-02-09T17:31:41","date_gmt":"2026-02-09T17:31:41","guid":{"rendered":"https:\/\/mouling.com.ar\/portfolio\/"},"modified":"2026-02-09T17:34:59","modified_gmt":"2026-02-09T17:34:59","slug":"portfolio","status":"publish","type":"page","link":"https:\/\/mouling.com.ar\/?page_id=284","title":{"rendered":"Portfolio"},"content":{"rendered":"\n<div class=\"wp-block-uagb-container uagb-block-66ebd6c7 alignfull uagb-is-root-container\"><div class=\"uagb-container-inner-blocks-wrap\">\n<div class=\"wp-block-uagb-info-box uagb-block-82c56a1d uagb-infobox__content-wrap  uagb-infobox-icon-above-title uagb-infobox-image-valign-top wp-block-uagb-info-box--has-margin\"><div class=\"uagb-infobox-margin-wrapper\"><div class=\"uagb-ifb-content\"><div class=\"uagb-ifb-title-wrap\"><p class=\"uagb-ifb-title-prefix\">Portafolio<\/p><h1 class=\"uagb-ifb-title\">Espacios que Inspiran<\/h1><\/div><p class=\"uagb-ifb-desc\">Descubre c\u00f3mo transformamos tu visi\u00f3n en realidad, creando experiencias inolvidables a trav\u00e9s de ambientaciones \u00fanicas y personalizadas para cada evento.<\/p><\/div><\/div><\/div>\n<\/div><\/div>\n\n\n\n<div class=\"wp-block-uagb-container uagb-block-3b638392 alignfull uagb-is-root-container\"><div class=\"uagb-container-inner-blocks-wrap\">\n<div class=\"wp-block-uagb-container uagb-layout-grid uagb-block-1be1c82c\">\n<div class=\"wp-block-uagb-image uagb-block-f835309e wp-block-uagb-image--layout-default wp-block-uagb-image--effect-static wp-block-uagb-image--align-none\"><figure class=\"wp-block-uagb-image__figure\"><img loading=\"lazy\" decoding=\"async\" srcset=\"https:\/\/mouling.com.ar\/wp-content\/uploads\/2026\/02\/original_dd516234-cca7-41a1-8b91-2ed492e72810_PXL_20260125_183700289.jpg ,https:\/\/mouling.com.ar\/wp-content\/uploads\/2026\/02\/original_dd516234-cca7-41a1-8b91-2ed492e72810_PXL_20260125_183700289.jpg 780w, https:\/\/mouling.com.ar\/wp-content\/uploads\/2026\/02\/original_dd516234-cca7-41a1-8b91-2ed492e72810_PXL_20260125_183700289.jpg 360w\" sizes=\"auto, (max-width: 480px) 150px\" src=\"https:\/\/mouling.com.ar\/wp-content\/uploads\/2026\/02\/original_dd516234-cca7-41a1-8b91-2ed492e72810_PXL_20260125_183700289.jpg\" alt=\"Original Dd516234 Cca7 41a1 8b91 2ed492e72810 PXL 20260125 183700289\" class=\"uag-image-24815\" width=\"584\" height=\"600\" title=\"portfolio-img-01\" loading=\"lazy\" role=\"img\"><\/figure><\/div>\n\n\n\n<div class=\"wp-block-uagb-container uagb-layout-grid uagb-block-662118c9\">\n<div class=\"wp-block-uagb-image uagb-block-da8f08e5 wp-block-uagb-image--layout-default wp-block-uagb-image--effect-static wp-block-uagb-image--align-none\"><figure class=\"wp-block-uagb-image__figure\"><img loading=\"lazy\" decoding=\"async\" srcset=\"https:\/\/mouling.com.ar\/wp-content\/uploads\/2026\/02\/PXL_20251123_204850480.jpg ,https:\/\/mouling.com.ar\/wp-content\/uploads\/2026\/02\/PXL_20251123_204850480.jpg 780w, https:\/\/mouling.com.ar\/wp-content\/uploads\/2026\/02\/PXL_20251123_204850480.jpg 360w\" sizes=\"auto, (max-width: 480px) 150px\" src=\"https:\/\/mouling.com.ar\/wp-content\/uploads\/2026\/02\/PXL_20251123_204850480.jpg\" alt=\"PXL 20251123 204850480\" class=\"uag-image-24824\" width=\"296\" height=\"360\" title=\"portfolio-img-02\" loading=\"lazy\" role=\"img\"><\/figure><\/div>\n\n\n\n<div class=\"wp-block-uagb-image uagb-block-1982f307 wp-block-uagb-image--layout-default wp-block-uagb-image--effect-static wp-block-uagb-image--align-none\"><figure class=\"wp-block-uagb-image__figure\"><img loading=\"lazy\" decoding=\"async\" srcset=\"https:\/\/mouling.com.ar\/wp-content\/uploads\/2026\/02\/WhatsApp-Image-2026-02-08-at-20.01.15.jpeg ,https:\/\/mouling.com.ar\/wp-content\/uploads\/2026\/02\/WhatsApp-Image-2026-02-08-at-20.01.15.jpeg 780w, https:\/\/mouling.com.ar\/wp-content\/uploads\/2026\/02\/WhatsApp-Image-2026-02-08-at-20.01.15.jpeg 360w\" sizes=\"auto, (max-width: 480px) 150px\" src=\"https:\/\/mouling.com.ar\/wp-content\/uploads\/2026\/02\/WhatsApp-Image-2026-02-08-at-20.01.15.jpeg\" alt=\"WhatsApp Image 2026 02 08 At 20.01.15\" class=\"uag-image-24823\" width=\"296\" height=\"224\" title=\"portfolio-img-03\" loading=\"lazy\" role=\"img\"><\/figure><\/div>\n<\/div>\n\n\n\n<div class=\"wp-block-uagb-container uagb-layout-grid uagb-block-f4843205\">\n<div class=\"wp-block-uagb-image uagb-block-477b2085 wp-block-uagb-image--layout-default wp-block-uagb-image--effect-static wp-block-uagb-image--align-none\"><figure class=\"wp-block-uagb-image__figure\"><img loading=\"lazy\" decoding=\"async\" srcset=\"https:\/\/mouling.com.ar\/wp-content\/uploads\/2026\/02\/WhatsApp-Image-2026-02-08-at-20.01.15-2.jpeg ,https:\/\/mouling.com.ar\/wp-content\/uploads\/2026\/02\/WhatsApp-Image-2026-02-08-at-20.01.15-2.jpeg 780w, https:\/\/mouling.com.ar\/wp-content\/uploads\/2026\/02\/WhatsApp-Image-2026-02-08-at-20.01.15-2.jpeg 360w\" sizes=\"auto, (max-width: 480px) 150px\" src=\"https:\/\/mouling.com.ar\/wp-content\/uploads\/2026\/02\/WhatsApp-Image-2026-02-08-at-20.01.15-2.jpeg\" alt=\"WhatsApp Image 2026 02 08 At 20.01.15 2\" class=\"uag-image-24822\" width=\"296\" height=\"224\" title=\"portfolio-img-04\" loading=\"lazy\" role=\"img\"><\/figure><\/div>\n\n\n\n<div class=\"wp-block-uagb-image uagb-block-cd740cbd wp-block-uagb-image--layout-default wp-block-uagb-image--effect-static wp-block-uagb-image--align-none\"><figure class=\"wp-block-uagb-image__figure\"><img loading=\"lazy\" decoding=\"async\" srcset=\"https:\/\/mouling.com.ar\/wp-content\/uploads\/2026\/02\/WhatsApp-Image-2026-02-08-at-20.01.15-1.jpeg ,https:\/\/mouling.com.ar\/wp-content\/uploads\/2026\/02\/WhatsApp-Image-2026-02-08-at-20.01.15-1.jpeg 780w, https:\/\/mouling.com.ar\/wp-content\/uploads\/2026\/02\/WhatsApp-Image-2026-02-08-at-20.01.15-1.jpeg 360w\" sizes=\"auto, (max-width: 480px) 150px\" src=\"https:\/\/mouling.com.ar\/wp-content\/uploads\/2026\/02\/WhatsApp-Image-2026-02-08-at-20.01.15-1.jpeg\" alt=\"WhatsApp Image 2026 02 08 At 20.01.15 1\" class=\"uag-image-24821\" width=\"296\" height=\"360\" title=\"portfolio-img-05\" loading=\"lazy\" role=\"img\"><\/figure><\/div>\n<\/div>\n<\/div>\n\n\n\n<div class=\"wp-block-uagb-container uagb-layout-grid uagb-block-95c0dcbd\">\n<div class=\"wp-block-uagb-container uagb-layout-grid uagb-block-d05af003\">\n<div class=\"wp-block-uagb-image uagb-block-d7421fe4 wp-block-uagb-image--layout-default wp-block-uagb-image--effect-static wp-block-uagb-image--align-none\"><figure class=\"wp-block-uagb-image__figure\"><img loading=\"lazy\" decoding=\"async\" srcset=\"https:\/\/mouling.com.ar\/wp-content\/uploads\/2026\/02\/WhatsApp-Image-2026-02-08-at-20.01.14.jpeg ,https:\/\/mouling.com.ar\/wp-content\/uploads\/2026\/02\/WhatsApp-Image-2026-02-08-at-20.01.14.jpeg 780w, https:\/\/mouling.com.ar\/wp-content\/uploads\/2026\/02\/WhatsApp-Image-2026-02-08-at-20.01.14.jpeg 360w\" sizes=\"auto, (max-width: 480px) 150px\" src=\"https:\/\/mouling.com.ar\/wp-content\/uploads\/2026\/02\/WhatsApp-Image-2026-02-08-at-20.01.14.jpeg\" alt=\"WhatsApp Image 2026 02 08 At 20.01.14\" class=\"uag-image-24820\" width=\"296\" height=\"360\" title=\"portfolio-img-06\" loading=\"lazy\" role=\"img\"><\/figure><\/div>\n\n\n\n<div class=\"wp-block-uagb-image uagb-block-ac6b5c6a wp-block-uagb-image--layout-default wp-block-uagb-image--effect-static wp-block-uagb-image--align-none\"><figure class=\"wp-block-uagb-image__figure\"><img loading=\"lazy\" decoding=\"async\" srcset=\"https:\/\/mouling.com.ar\/wp-content\/uploads\/2026\/02\/WhatsApp-Image-2026-02-08-at-20.01.14-2.jpeg ,https:\/\/mouling.com.ar\/wp-content\/uploads\/2026\/02\/WhatsApp-Image-2026-02-08-at-20.01.14-2.jpeg 780w, https:\/\/mouling.com.ar\/wp-content\/uploads\/2026\/02\/WhatsApp-Image-2026-02-08-at-20.01.14-2.jpeg 360w\" sizes=\"auto, (max-width: 480px) 150px\" src=\"https:\/\/mouling.com.ar\/wp-content\/uploads\/2026\/02\/WhatsApp-Image-2026-02-08-at-20.01.14-2.jpeg\" alt=\"WhatsApp Image 2026 02 08 At 20.01.14 2\" class=\"uag-image-24819\" width=\"296\" height=\"224\" title=\"portfolio-img-07\" loading=\"lazy\" role=\"img\"><\/figure><\/div>\n<\/div>\n\n\n\n<div class=\"wp-block-uagb-container uagb-layout-grid uagb-block-f2b4e6b3\">\n<div class=\"wp-block-uagb-image uagb-block-b5078306 wp-block-uagb-image--layout-default wp-block-uagb-image--effect-static wp-block-uagb-image--align-none\"><figure class=\"wp-block-uagb-image__figure\"><img loading=\"lazy\" decoding=\"async\" srcset=\"https:\/\/mouling.com.ar\/wp-content\/uploads\/2026\/02\/WhatsApp-Image-2026-02-08-at-20.01.14-1.jpeg ,https:\/\/mouling.com.ar\/wp-content\/uploads\/2026\/02\/WhatsApp-Image-2026-02-08-at-20.01.14-1.jpeg 780w, https:\/\/mouling.com.ar\/wp-content\/uploads\/2026\/02\/WhatsApp-Image-2026-02-08-at-20.01.14-1.jpeg 360w\" sizes=\"auto, (max-width: 480px) 150px\" src=\"https:\/\/mouling.com.ar\/wp-content\/uploads\/2026\/02\/WhatsApp-Image-2026-02-08-at-20.01.14-1.jpeg\" alt=\"WhatsApp Image 2026 02 08 At 20.01.14 1\" class=\"uag-image-24818\" width=\"296\" height=\"224\" title=\"portfolio-img-08\" loading=\"lazy\" role=\"img\"><\/figure><\/div>\n\n\n\n<div class=\"wp-block-uagb-image uagb-block-c2a749d4 wp-block-uagb-image--layout-default wp-block-uagb-image--effect-static wp-block-uagb-image--align-none\"><figure class=\"wp-block-uagb-image__figure\"><img loading=\"lazy\" decoding=\"async\" srcset=\"https:\/\/mouling.com.ar\/wp-content\/uploads\/2026\/02\/WhatsApp-Image-2026-02-08-at-20.01.16.jpeg ,https:\/\/mouling.com.ar\/wp-content\/uploads\/2026\/02\/WhatsApp-Image-2026-02-08-at-20.01.16.jpeg 780w, https:\/\/mouling.com.ar\/wp-content\/uploads\/2026\/02\/WhatsApp-Image-2026-02-08-at-20.01.16.jpeg 360w\" sizes=\"auto, (max-width: 480px) 150px\" src=\"https:\/\/mouling.com.ar\/wp-content\/uploads\/2026\/02\/WhatsApp-Image-2026-02-08-at-20.01.16.jpeg\" alt=\"WhatsApp Image 2026 02 08 At 20.01.16\" class=\"uag-image-24817\" width=\"296\" height=\"360\" title=\"portfolio-img-09\" loading=\"lazy\" role=\"img\"><\/figure><\/div>\n<\/div>\n\n\n\n<div class=\"wp-block-uagb-image uagb-block-3801e15a wp-block-uagb-image--layout-default wp-block-uagb-image--effect-static wp-block-uagb-image--align-none\"><figure class=\"wp-block-uagb-image__figure\"><img loading=\"lazy\" decoding=\"async\" srcset=\"https:\/\/mouling.com.ar\/wp-content\/uploads\/2026\/02\/WhatsApp-Image-2026-02-08-at-20.01.15-3.jpeg ,https:\/\/mouling.com.ar\/wp-content\/uploads\/2026\/02\/WhatsApp-Image-2026-02-08-at-20.01.15-3.jpeg 780w, https:\/\/mouling.com.ar\/wp-content\/uploads\/2026\/02\/WhatsApp-Image-2026-02-08-at-20.01.15-3.jpeg 360w\" sizes=\"auto, (max-width: 480px) 150px\" src=\"https:\/\/mouling.com.ar\/wp-content\/uploads\/2026\/02\/WhatsApp-Image-2026-02-08-at-20.01.15-3.jpeg\" alt=\"WhatsApp Image 2026 02 08 At 20.01.15 3\" class=\"uag-image-24816\" width=\"584\" height=\"600\" title=\"portfolio-img-10\" loading=\"lazy\" role=\"img\"><\/figure><\/div>\n<\/div>\n<\/div><\/div>\n\n\n\n<div class=\"wp-block-uagb-container uagb-block-e9dddb7d alignfull uagb-is-root-container\"><div class=\"uagb-container-inner-blocks-wrap\">\n<div class=\"wp-block-uagb-info-box uagb-block-5cd1a49c uagb-infobox__content-wrap  uagb-infobox-icon-above-title uagb-infobox-image-valign-top wp-block-uagb-info-box--has-margin\"><div class=\"uagb-infobox-margin-wrapper\"><div class=\"uagb-ifb-content\"><div class=\"uagb-ifb-title-wrap\"><p class=\"uagb-ifb-title-prefix\">Cont\u00e1ctanos<\/p><h2 class=\"uagb-ifb-title\">Haz de tu evento una experiencia inolvidable hoy mismo.<\/h2><\/div><p class=\"uagb-ifb-desc\">Estamos aqu\u00ed para ayudarte a transformar tus ideas en realidades \u00fanicas y memorables en cada ocasi\u00f3n.<\/p><div class=\"uagb-ifb-button-wrapper wp-block-button\"><a href=\"\/contact\/\" class=\"uagb-infobox-cta-link wp-block-button__link\" target=\"_self\" rel=\"noopener noreferrer\" onclick=\"return true;\"><span class=\"uagb-inline-editing\">Cont\u00e1ctanos Ahora<\/span><\/a><\/div><\/div><\/div><\/div>\n<\/div><\/div>\n","protected":false},"excerpt":{"rendered":"","protected":false},"author":1,"featured_media":0,"parent":0,"menu_order":0,"comment_status":"closed","ping_status":"closed","template":"","meta":{"_uag_custom_page_level_css":"","site-sidebar-layout":"default","site-content-layout":"","ast-site-content-layout":"default","site-content-style":"default","site-sidebar-style":"default","ast-global-header-display":"","ast-banner-title-visibility":"","ast-main-header-display":"","ast-hfb-above-header-display":"","ast-hfb-below-header-display":"","ast-hfb-mobile-header-display":"","site-post-title":"disabled","ast-breadcrumbs-content":"","ast-featured-img":"","footer-sml-layout":"","ast-disable-related-posts":"","theme-transparent-header-meta":"","adv-header-id-meta":"","stick-header-meta":"","header-above-stick-meta":"","header-main-stick-meta":"","header-below-stick-meta":"","astra-migrate-meta-layouts":"default","ast-page-background-enabled":"default","ast-page-background-meta":{"desktop":{"background-color":"var(--ast-global-color-4)","background-image":"","background-repeat":"repeat","background-position":"center center","background-size":"auto","background-attachment":"scroll","background-type":"","background-media":"","overlay-type":"","overlay-color":"","overlay-opacity":"","overlay-gradient":""},"tablet":{"background-color":"","background-image":"","background-repeat":"repeat","background-position":"center center","background-size":"auto","background-attachment":"scroll","background-type":"","background-media":"","overlay-type":"","overlay-color":"","overlay-opacity":"","overlay-gradient":""},"mobile":{"background-color":"","background-image":"","background-repeat":"repeat","background-position":"center center","background-size":"auto","background-attachment":"scroll","background-type":"","background-media":"","overlay-type":"","overlay-color":"","overlay-opacity":"","overlay-gradient":""}},"ast-content-background-meta":{"desktop":{"background-color":"var(--ast-global-color-5)","background-image":"","background-repeat":"repeat","background-position":"center center","background-size":"auto","background-attachment":"scroll","background-type":"","background-media":"","overlay-type":"","overlay-color":"","overlay-opacity":"","overlay-gradient":""},"tablet":{"background-color":"var(--ast-global-color-5)","background-image":"","background-repeat":"repeat","background-position":"center center","background-size":"auto","background-attachment":"scroll","background-type":"","background-media":"","overlay-type":"","overlay-color":"","overlay-opacity":"","overlay-gradient":""},"mobile":{"background-color":"var(--ast-global-color-5)","background-image":"","background-repeat":"repeat","background-position":"center center","background-size":"auto","background-attachment":"scroll","background-type":"","background-media":"","overlay-type":"","overlay-color":"","overlay-opacity":"","overlay-gradient":""}},"footnotes":""},"class_list":["post-284","page","type-page","status-publish","hentry"],"uagb_featured_image_src":{"full":false,"thumbnail":false,"medium":false,"medium_large":false,"large":false,"1536x1536":false,"2048x2048":false},"uagb_author_info":{"display_name":"admin","author_link":"https:\/\/mouling.com.ar\/?author=1"},"uagb_comment_info":0,"uagb_excerpt":null,"_links":{"self":[{"href":"https:\/\/mouling.com.ar\/index.php?rest_route=\/wp\/v2\/pages\/284","targetHints":{"allow":["GET"]}}],"collection":[{"href":"https:\/\/mouling.com.ar\/index.php?rest_route=\/wp\/v2\/pages"}],"about":[{"href":"https:\/\/mouling.com.ar\/index.php?rest_route=\/wp\/v2\/types\/page"}],"author":[{"embeddable":true,"href":"https:\/\/mouling.com.ar\/index.php?rest_route=\/wp\/v2\/users\/1"}],"replies":[{"embeddable":true,"href":"https:\/\/mouling.com.ar\/index.php?rest_route=%2Fwp%2Fv2%2Fcomments&post=284"}],"version-history":[{"count":3,"href":"https:\/\/mouling.com.ar\/index.php?rest_route=\/wp\/v2\/pages\/284\/revisions"}],"predecessor-version":[{"id":24912,"href":"https:\/\/mouling.com.ar\/index.php?rest_route=\/wp\/v2\/pages\/284\/revisions\/24912"}],"wp:attachment":[{"href":"https:\/\/mouling.com.ar\/index.php?rest_route=%2Fwp%2Fv2%2Fmedia&parent=284"}],"curies":[{"name":"wp","href":"https:\/\/api.w.org\/{rel}","templated":true}]}}